{"id":3945,"date":"2025-11-09T11:22:13","date_gmt":"2025-11-09T09:22:13","guid":{"rendered":"https:\/\/otakuhub.eu\/product\/unisex-oversized-t-shirt\/"},"modified":"2026-05-04T20:43:12","modified_gmt":"2026-05-04T17:43:12","slug":"unisex-oversized-t-shirt","status":"publish","type":"product","link":"https:\/\/otakuhub.eu\/de\/produkt\/unisex-oversized-t-shirt\/","title":{"rendered":"Majin Unisex Oversize-T-Shirt"},"content":{"rendered":"<p>Dieses schwere Oversize-T-Shirt verk\u00f6rpert den l\u00e4ssigen Streetwear-Look perfekt. Es besteht aus 1001\/1001T3T-Baumwolle, ist weich, formstabil und ideal zum Layern oder solo tragen. Mit seinem Vintage-Waschungs-Look f\u00e4llt es auf, ohne aufdringlich zu wirken.<\/p>\n<p>\u2022 100% ringgesponnene Baumwolle<br \/>\n\u2022 Stoffgewicht: 6,5 oz.\/yd.\u00b2 (220,4 g\/m\u00b2)<br \/>\n\u2022 \u00dcbergro\u00dfe Passform<br \/>\n\u2022 Trendiger Vintage-Look<br \/>\n\u2022 Rohprodukt aus Nicaragua<\/p>\n<p>&nbsp;<\/p>","protected":false},"excerpt":{"rendered":"<p>Dieses schwere Oversize-T-Shirt verk\u00f6rpert den l\u00e4ssigen Streetwear-Look perfekt. | Gr\u00f6\u00dfen: 2XL, 3XL, L, M, S, X | Farben: Khaki, Hellblau <\/p>","protected":false},"featured_media":3984,"comment_status":"open","ping_status":"closed","template":"","meta":{"site-sidebar-layout":"default","site-content-layout":"","ast-site-content-layout":"default","site-content-style":"default","site-sidebar-style":"default","ast-global-header-display":"","ast-banner-title-visibility":"","ast-main-header-display":"","ast-hfb-above-header-display":"","ast-hfb-below-header-display":"","ast-hfb-mobile-header-display":"","site-post-title":"","ast-breadcrumbs-content":"","ast-featured-img":"","footer-sml-layout":"","ast-disable-related-posts":"","theme-transparent-header-meta":"default","adv-header-id-meta":"","stick-header-meta":"","header-above-stick-meta":"","header-main-stick-meta":"","header-below-stick-meta":"","astra-migrate-meta-layouts":"set","ast-page-background-enabled":"default","ast-page-background-meta":{"desktop":{"background-color":"","background-image":"","background-repeat":"repeat","background-position":"center center","background-size":"auto","background-attachment":"scroll","background-type":"","background-media":"","overlay-type":"","overlay-color":"","overlay-opacity":"","overlay-gradient":""},"tablet":{"background-color":"","background-image":"","background-repeat":"repeat","background-position":"center center","background-size":"auto","background-attachment":"scroll","background-type":"","background-media":"","overlay-type":"","overlay-color":"","overlay-opacity":"","overlay-gradient":""},"mobile":{"background-color":"","background-image":"","background-repeat":"repeat","background-position":"center center","background-size":"auto","background-attachment":"scroll","background-type":"","background-media":"","overlay-type":"","overlay-color":"","overlay-opacity":"","overlay-gradient":""}},"ast-content-background-meta":{"desktop":{"background-color":"var(--ast-global-color-5)","background-image":"","background-repeat":"repeat","background-position":"center center","background-size":"auto","background-attachment":"scroll","background-type":"","background-media":"","overlay-type":"","overlay-color":"","overlay-opacity":"","overlay-gradient":""},"tablet":{"background-color":"var(--ast-global-color-5)","background-image":"","background-repeat":"repeat","background-position":"center center","background-size":"auto","background-attachment":"scroll","background-type":"","background-media":"","overlay-type":"","overlay-color":"","overlay-opacity":"","overlay-gradient":""},"mobile":{"background-color":"var(--ast-global-color-5)","background-image":"","background-repeat":"repeat","background-position":"center center","background-size":"auto","background-attachment":"scroll","background-type":"","background-media":"","overlay-type":"","overlay-color":"","overlay-opacity":"","overlay-gradient":""}}},"product_brand":[],"product_cat":[51,125,123,126,124,50],"product_tag":[],"class_list":{"0":"post-3945","1":"product","2":"type-product","3":"status-publish","4":"has-post-thumbnail","6":"product_cat-men","7":"product_cat-shirts-women","8":"product_cat-shirts","9":"product_cat-t-shirts-shirts-women","10":"product_cat-t-shirts","11":"product_cat-women","12":"pa_color-khaki","13":"pa_color-light-washed-denim","14":"pa_color-vintage-white","15":"pa_color-washed-black","16":"pa_color-washed-charcoal","17":"pa_color-washed-maroon","18":"pa_size-2xl","19":"pa_size-3xl","20":"pa_size-l","21":"pa_size-m","22":"pa_size-s","23":"pa_size-xl","24":"desktop-align-center","25":"tablet-align-center","26":"mobile-align-center","28":"first","29":"outofstock","30":"taxable","31":"shipping-taxable","32":"purchasable","33":"product-type-variable"},"_links":{"self":[{"href":"https:\/\/otakuhub.eu\/de\/wp-json\/wp\/v2\/product\/3945","targetHints":{"allow":["GET"]}}],"collection":[{"href":"https:\/\/otakuhub.eu\/de\/wp-json\/wp\/v2\/product"}],"about":[{"href":"https:\/\/otakuhub.eu\/de\/wp-json\/wp\/v2\/types\/product"}],"replies":[{"embeddable":true,"href":"https:\/\/otakuhub.eu\/de\/wp-json\/wp\/v2\/comments?post=3945"}],"wp:featuredmedia":[{"embeddable":true,"href":"https:\/\/otakuhub.eu\/de\/wp-json\/wp\/v2\/media\/3984"}],"wp:attachment":[{"href":"https:\/\/otakuhub.eu\/de\/wp-json\/wp\/v2\/media?parent=3945"}],"wp:term":[{"taxonomy":"product_brand","embeddable":true,"href":"https:\/\/otakuhub.eu\/de\/wp-json\/wp\/v2\/product_brand?post=3945"},{"taxonomy":"product_cat","embeddable":true,"href":"https:\/\/otakuhub.eu\/de\/wp-json\/wp\/v2\/product_cat?post=3945"},{"taxonomy":"product_tag","embeddable":true,"href":"https:\/\/otakuhub.eu\/de\/wp-json\/wp\/v2\/product_tag?post=3945"}],"curies":[{"name":"wp","href":"https:\/\/api.w.org\/{rel}","templated":true}]}}