{"id":3317,"date":"2025-08-28T21:34:34","date_gmt":"2025-08-28T18:34:34","guid":{"rendered":"https:\/\/otakuhub.eu\/?page_id=3317"},"modified":"2025-08-28T21:53:08","modified_gmt":"2025-08-28T18:53:08","slug":"transactional-security-policy","status":"publish","type":"page","link":"https:\/\/otakuhub.eu\/de\/transactional-security-policy\/","title":{"rendered":"Transaktionssicherheitsrichtlinie"},"content":{"rendered":"<h2 class=\"wp-block-heading\">Transaktionssicherheitsrichtlinie<\/h2>\n\n\n\n<p>Unsere Website, <strong>Otaku-Hub<\/strong>ist bestrebt, sicherzustellen, dass <strong>Sicherheit und Integrit\u00e4t der Daten<\/strong> Wir erfassen die Daten von den Nutzern unserer Website. Wir haben strenge Verfahren eingef\u00fchrt, um die personenbezogenen Daten, die Sie uns \u00fcber die Website oder auf andere Weise \u00fcbermitteln, zu sch\u00fctzen.<\/p>\n\n\n\n<p>Diese Verfahren dienen dem Schutz der Benutzerdaten vor unbefugtem Zugriff, Offenlegung, Verlust, Missbrauch, Ver\u00e4nderung oder Zerst\u00f6rung. Wir arbeiten kontinuierlich daran, die Richtigkeit und korrekte Handhabung dieser Informationen sicherzustellen.<\/p>\n\n\n\n<p>Ihre Verbindung zu unserer Site ist gesichert durch <strong>SSL- (Secure Socket Layer) und TLS- (Transport Layer Security) Technologie<\/strong>. Diese Technologie verschl\u00fcsselt Daten, bevor sie von Ihrem Browser an unseren Server gesendet werden, und macht sie f\u00fcr andere unlesbar. Wir verwenden <strong>Cloudflares vollst\u00e4ndige SSL-Verschl\u00fcsselung<\/strong>, das nicht nur die Verbindung zwischen Ihrem Browser und unserer Website, sondern auch die Verbindung zwischen unserer Website und unserem Server sichert. Dies gew\u00e4hrleistet umfassenden Datenschutz. Moderne Browser unterst\u00fctzen diese Protokolle, und wir empfehlen die Verwendung eines aktuellen Browsers f\u00fcr ein optimales Sicherheitserlebnis.<\/p>\n\n\n\n<h2 class=\"wp-block-heading\">Sichere Transaktionen<\/h2>\n\n\n\n<p>Alle Zahlungen auf unserer Website werden \u00fcber ein sicheres Zahlungsportal eines Drittanbieters abgewickelt. Sobald Sie Ihre Zahlungsdaten auf unserer Website eingeben, werden diese sofort verschl\u00fcsselt und sicher an das Zahlungsportal \u00fcbermittelt. Wir speichern Ihre Kreditkartendaten nicht auf unseren Servern.<\/p>\n\n\n\n<p>Verschl\u00fcsselung ist eine Methode, Informationen zu verschl\u00fcsseln, bis sie den Empf\u00e4nger erreichen, der sie dann mit dem entsprechenden Schl\u00fcssel entschl\u00fcsseln kann. Dieser Prozess bildet das R\u00fcckgrat der Sicherheit von Online-Transaktionen.<\/p>\n\n\n\n<p><\/p>","protected":false},"excerpt":{"rendered":"<p>Transactional Security Policy Our website, Otaku Hub, is committed to ensuring the security and integrity of the data we collect from our website users. We have adopted robust procedures to protect the personal information you provide, whether through the website or any other means. These procedures are designed to protect user data from any unauthorized [&hellip;]<\/p>\n","protected":false},"author":1,"featured_media":0,"parent":0,"menu_order":0,"comment_status":"closed","ping_status":"closed","template":"","meta":{"site-sidebar-layout":"default","site-content-layout":"","ast-site-content-layout":"default","site-content-style":"default","site-sidebar-style":"default","ast-global-header-display":"","ast-banner-title-visibility":"","ast-main-header-display":"","ast-hfb-above-header-display":"","ast-hfb-below-header-display":"","ast-hfb-mobile-header-display":"","site-post-title":"","ast-breadcrumbs-content":"","ast-featured-img":"","footer-sml-layout":"","ast-disable-related-posts":"","theme-transparent-header-meta":"","adv-header-id-meta":"","stick-header-meta":"","header-above-stick-meta":"","header-main-stick-meta":"","header-below-stick-meta":"","astra-migrate-meta-layouts":"set","ast-page-background-enabled":"default","ast-page-background-meta":{"desktop":{"background-color":"","background-image":"","background-repeat":"repeat","background-position":"center center","background-size":"auto","background-attachment":"scroll","background-type":"","background-media":"","overlay-type":"","overlay-color":"","overlay-opacity":"","overlay-gradient":""},"tablet":{"background-color":"","background-image":"","background-repeat":"repeat","background-position":"center center","background-size":"auto","background-attachment":"scroll","background-type":"","background-media":"","overlay-type":"","overlay-color":"","overlay-opacity":"","overlay-gradient":""},"mobile":{"background-color":"","background-image":"","background-repeat":"repeat","background-position":"center center","background-size":"auto","background-attachment":"scroll","background-type":"","background-media":"","overlay-type":"","overlay-color":"","overlay-opacity":"","overlay-gradient":""}},"ast-content-background-meta":{"desktop":{"background-color":"var(--ast-global-color-5)","background-image":"","background-repeat":"repeat","background-position":"center center","background-size":"auto","background-attachment":"scroll","background-type":"","background-media":"","overlay-type":"","overlay-color":"","overlay-opacity":"","overlay-gradient":""},"tablet":{"background-color":"var(--ast-global-color-5)","background-image":"","background-repeat":"repeat","background-position":"center center","background-size":"auto","background-attachment":"scroll","background-type":"","background-media":"","overlay-type":"","overlay-color":"","overlay-opacity":"","overlay-gradient":""},"mobile":{"background-color":"var(--ast-global-color-5)","background-image":"","background-repeat":"repeat","background-position":"center center","background-size":"auto","background-attachment":"scroll","background-type":"","background-media":"","overlay-type":"","overlay-color":"","overlay-opacity":"","overlay-gradient":""}},"footnotes":""},"class_list":["post-3317","page","type-page","status-publish","hentry"],"_links":{"self":[{"href":"https:\/\/otakuhub.eu\/de\/wp-json\/wp\/v2\/pages\/3317","targetHints":{"allow":["GET"]}}],"collection":[{"href":"https:\/\/otakuhub.eu\/de\/wp-json\/wp\/v2\/pages"}],"about":[{"href":"https:\/\/otakuhub.eu\/de\/wp-json\/wp\/v2\/types\/page"}],"author":[{"embeddable":true,"href":"https:\/\/otakuhub.eu\/de\/wp-json\/wp\/v2\/users\/1"}],"replies":[{"embeddable":true,"href":"https:\/\/otakuhub.eu\/de\/wp-json\/wp\/v2\/comments?post=3317"}],"version-history":[{"count":0,"href":"https:\/\/otakuhub.eu\/de\/wp-json\/wp\/v2\/pages\/3317\/revisions"}],"wp:attachment":[{"href":"https:\/\/otakuhub.eu\/de\/wp-json\/wp\/v2\/media?parent=3317"}],"curies":[{"name":"wp","href":"https:\/\/api.w.org\/{rel}","templated":true}]}}