{"id":3291,"date":"2025-08-28T11:08:59","date_gmt":"2025-08-28T08:08:59","guid":{"rendered":"https:\/\/otakuhub.eu\/?page_id=3291"},"modified":"2025-11-08T14:00:38","modified_gmt":"2025-11-08T12:00:38","slug":"terms-of-service","status":"publish","type":"page","link":"https:\/\/otakuhub.eu\/de\/terms-of-service\/","title":{"rendered":"Servicebedingungen"},"content":{"rendered":"<h3 class=\"wp-block-heading\"><strong>Otaku Hub: Servicebedingungen<\/strong><\/h3>\r\n\r\n\r\n\r\n<p><strong>Datum des Inkrafttretens: 2. September 2025<\/strong><\/p>\r\n\r\n\r\n\r\n<p><strong>ABSCHNITT 1: \u00dcBERBLICK<\/strong><\/p>\r\n\r\n\r\n\r\n<p>Diese Website wird betrieben von <strong>Otaku-Hub<\/strong>. Wir entwerfen und verkaufen originelle Kleidung, Haushaltswaren und Merchandise-Artikel mit eigenen Designs. Die Produkte werden nach Ihrer Bestellung von Printful bedruckt. Auf dieser Website beziehen sich die Begriffe \u201cwir\u201d, \u201cuns\u201d und \u201cunser\u201d auf Otaku Hub.<\/p>\r\n\r\n\r\n\r\n<p>Indem Sie unsere Website besuchen und\/oder etwas von uns kaufen, nehmen Sie an unserem \u201eService\u201c teil und erkl\u00e4ren sich mit den folgenden Bedingungen (\u201eServicebedingungen\u201c oder \u201eBedingungen\u201c) einverstanden, einschlie\u00dflich der zus\u00e4tzlichen Bedingungen und Richtlinien, auf die hierin verwiesen wird und\/oder die per Hyperlink verf\u00fcgbar sind. Diese Servicebedingungen gelten f\u00fcr alle Benutzer der Website, einschlie\u00dflich, aber nicht beschr\u00e4nkt auf Benutzer, die Browser, Anbieter, Kunden, H\u00e4ndler und\/oder Inhaltsanbieter sind.<\/p>\r\n\r\n\r\n\r\n<p><strong>ABSCHNITT 2: BENUTZERKONTEN UND VERANTWORTLICHKEITEN<\/strong><\/p>\r\n\r\n\r\n\r\n<p>Um auf bestimmte Funktionen der Website zugreifen zu k\u00f6nnen, z. B. das Speichern eines Warenkorbs oder die Anzeige des Bestellverlaufs, m\u00fcssen Sie m\u00f6glicherweise ein Benutzerkonto erstellen. Sie sind f\u00fcr die Geheimhaltung Ihrer Kontoinformationen und Ihres Passworts sowie f\u00fcr alle Aktivit\u00e4ten, die \u00fcber Ihr Konto erfolgen, verantwortlich. Sie verpflichten sich, uns unverz\u00fcglich \u00fcber jede unbefugte Nutzung Ihres Kontos zu informieren. Wir behalten uns das Recht vor, nach eigenem Ermessen Dienstleistungen zu verweigern, Konten zu k\u00fcndigen und Inhalte zu bearbeiten oder zu entfernen.<\/p>\r\n\r\n\r\n\r\n<p><strong>ABSCHNITT 3: BESTELLUNGEN, WARENKORB, STORNIERUNG UND ERF\u00dcLLUNG<\/strong><\/p>\r\n\r\n\r\n\r\n<p>Mit der Aufgabe einer Bestellung verpflichten Sie sich, aktuelle, vollst\u00e4ndige und korrekte Kauf- und Kontoinformationen anzugeben. Sie sind daf\u00fcr verantwortlich, vor Abschluss des Kaufs die Richtigkeit Ihrer Versandinformationen sicherzustellen. Wir haften nicht f\u00fcr Verz\u00f6gerungen oder Nichtlieferungen aufgrund fehlerhafter Angaben. Wir behalten uns das Recht vor, Bestellungen, die nach unserem alleinigen Ermessen von H\u00e4ndlern, Wiederverk\u00e4ufern oder Distributoren aufgegeben werden, einzuschr\u00e4nken oder zu untersagen.<\/p>\r\n\r\n\r\n\r\n<ul class=\"wp-block-list\">\r\n<li><strong>Erf\u00fcllungszeit:<\/strong> Die Produktionszeit Ihrer Bestellung ist unabh\u00e4ngig von der Versandzeit. Unser Produktionspartner ben\u00f6tigt in der Regel 2\u20135 Werktage, um ein Produkt herzustellen und es zu versenden.<\/li>\r\n\r\n\r\n\r\n<li><strong>LIEFERZEIT:<\/strong> Sobald Ihre Bestellung versandt wurde, h\u00e4ngt die Lieferzeit von Ihrem Standort ab. Sie erhalten per E-Mail einen Tracking-Link, sobald Ihre Bestellung versandt wurde.<\/li>\r\n\r\n\r\n\r\n<li><strong>Stornierungen von Bestellungen<\/strong>: Auf unserer Website aufgegebene Bestellungen werden unmittelbar nach der Zahlung automatisch an unseren Fulfillment-Partner zur Bearbeitung und Produktion weitergeleitet.\r\n<ul class=\"wp-block-list\">\r\n<li><strong>Stornierungsanfragen sind nur m\u00f6glich, bevor die Bestellung in Produktion geht.<\/strong><\/li>\r\n\r\n\r\n\r\n<li>Sobald die Produktion begonnen hat, k\u00f6nnen wir die Bestellung nicht mehr stornieren.<\/li>\r\n\r\n\r\n\r\n<li>Wenn eine Stornierung nicht m\u00f6glich ist, wird die Bestellung wie urspr\u00fcnglich aufgegeben bearbeitet und versandt.<\/li>\r\n<\/ul>\r\n<\/li>\r\n<\/ul>\r\n\r\n\r\n\r\n<p>F\u00fcr Stornierungsanfragen wenden Sie sich bitte an <strong><a href=\"https:\/\/otakuhub.eu\/de\/my-account\/support\/?wpsc-section=new-ticket\" data-type=\"page\" data-id=\"3651\">Ticket erstellen<\/a><\/strong> so schnell wie m\u00f6glich nach der Bestellung. Wir werden uns nach Kr\u00e4ften bem\u00fchen, Ihnen behilflich zu sein, k\u00f6nnen jedoch nicht garantieren, dass eine Stornierung nach Beginn der Bearbeitung m\u00f6glich ist.<\/p>\r\n\r\n\r\n\r\n<p><strong>ABSCHNITT 4: ZAHLUNG UND RECHNUNGSSTELLUNG<\/strong><\/p>\r\n\r\n\r\n\r\n<p>Wir nutzen einen externen Zahlungsdienstleister zur Abwicklung aller Transaktionen. Ihre Kreditkartendaten werden nicht gespeichert. Ihre Zahlungsdaten unterliegen den Gesch\u00e4ftsbedingungen des Drittanbieters. Sie verpflichten sich, alle Ihnen oder anderen Nutzern Ihres Kontos entstehenden Geb\u00fchren zu den zum Zeitpunkt der Entstehung g\u00fcltigen Preisen zu zahlen.<\/p>\r\n\r\n\r\n\r\n<p><strong>ABSCHNITT 5: GEISTIGES EIGENTUM<\/strong><\/p>\r\n\r\n\r\n\r\n<p>Alle Originalinhalte dieser Website, einschlie\u00dflich unserer Logos, Website-Design und einzigartigen Produktfotos, sind geistiges Eigentum von <strong>Otaku-Hub<\/strong>. Sie d\u00fcrfen unsere Originalinhalte ohne unsere ausdr\u00fcckliche schriftliche Genehmigung nicht verwenden, kopieren, reproduzieren oder verteilen.<\/p>\r\n\r\n\r\n\r\n<p><strong>ABSCHNITT 6: LINKS VON DRITTANBIETERN UND OPTIONALE TOOLS<\/strong><\/p>\r\n\r\n\r\n\r\n<p>Bestimmte Inhalte, Produkte und Dienste, die \u00fcber unseren Dienst verf\u00fcgbar sind, k\u00f6nnen Materialien von Drittanbietern enthalten. Drittanbieter-Links auf dieser Website k\u00f6nnen Sie auf Websites von Drittanbietern weiterleiten, die nicht mit uns verbunden sind. Wir sind nicht f\u00fcr die Pr\u00fcfung oder Bewertung des Inhalts oder der Richtigkeit verantwortlich und \u00fcbernehmen keine Garantie und Haftung f\u00fcr Materialien oder Websites von Drittanbietern oder f\u00fcr andere Materialien, Produkte oder Dienste von Drittanbietern.<\/p>\r\n\r\n\r\n\r\n<p>Wir k\u00f6nnen Ihnen auch Zugriff auf Tools von Drittanbietern gew\u00e4hren, die wir weder \u00fcberwachen noch kontrollieren oder beeinflussen k\u00f6nnen. Wir gew\u00e4hren den Zugriff auf diese Tools \u201ewie besehen\u201c und \u201ewie verf\u00fcgbar\u201c ohne jegliche Garantien, Zusicherungen oder Bedingungen jeglicher Art und ohne jegliche Billigung. Wir \u00fcbernehmen keinerlei Haftung f\u00fcr Ihre Nutzung optionaler Tools von Drittanbietern.<\/p>\r\n\r\n\r\n\r\n<p><strong>ABSCHNITT 7: BENUTZERKOMMENTARE, FEEDBACK UND ANDERE EINREICHUNGEN<\/strong><\/p>\r\n\r\n\r\n\r\n<p>Wenn Sie uns auf unsere Aufforderung hin bestimmte Einsendungen (z. B. Wettbewerbsbeitr\u00e4ge) oder unaufgefordert kreative Ideen, Anregungen, Vorschl\u00e4ge, Pl\u00e4ne oder sonstige Materialien online, per E-Mail, auf dem Postweg oder auf sonstige Weise (zusammenfassend \u201eKommentare\u201c) zusenden, erkl\u00e4ren Sie sich damit einverstanden, dass wir die von Ihnen an uns \u00fcbermittelten Kommentare jederzeit und ohne Einschr\u00e4nkung bearbeiten, kopieren, ver\u00f6ffentlichen, verteilen, \u00fcbersetzen und anderweitig in jedem Medium verwenden d\u00fcrfen. Wir sind und bleiben nicht verpflichtet (1) Kommentare vertraulich zu behandeln; (2) f\u00fcr Kommentare eine Verg\u00fctung zu zahlen; oder (3) auf Kommentare zu antworten.<\/p>\r\n\r\n\r\n\r\n<p>Wir sind berechtigt, aber nicht verpflichtet, Inhalte zu \u00fcberwachen, zu bearbeiten oder zu entfernen, die nach unserem alleinigen Ermessen rechtswidrig, beleidigend, bedrohlich, verleumderisch, diffamierend, pornografisch, obsz\u00f6n oder anderweitig anst\u00f6\u00dfig sind oder das geistige Eigentum einer Partei oder diese Servicebedingungen verletzen.<\/p>\r\n\r\n\r\n\r\n<p>Sie erkl\u00e4ren sich damit einverstanden, dass Ihre Kommentare keine Rechte Dritter verletzen, einschlie\u00dflich Urheberrechte, Markenrechte, Datenschutzrechte, Pers\u00f6nlichkeitsrechte oder andere pers\u00f6nliche oder Eigentumsrechte. Sie sind allein f\u00fcr Ihre Kommentare und deren Richtigkeit verantwortlich. Wir \u00fcbernehmen keine Verantwortung und Haftung f\u00fcr Kommentare, die von Ihnen oder Dritten gepostet werden.<\/p>\r\n\r\n\r\n\r\n<p><strong>ABSCHNITT 8: FEHLER, UNGENAUIGKEITEN UND AUSLASSUNGEN<\/strong><\/p>\r\n\r\n\r\n\r\n<p>Gelegentlich k\u00f6nnen Informationen auf unserer Website oder im Service Tippfehler, Ungenauigkeiten oder Auslassungen enthalten, die sich auf Produktbeschreibungen, Preise, Werbeaktionen, Angebote, Produktversandkosten, Laufzeiten und Verf\u00fcgbarkeit beziehen k\u00f6nnen. Wir behalten uns das Recht vor, Fehler, Ungenauigkeiten oder Auslassungen zu korrigieren und Informationen zu \u00e4ndern oder zu aktualisieren oder Bestellungen zu stornieren, wenn Informationen im Service oder auf einer zugeh\u00f6rigen Website jederzeit und ohne vorherige Ank\u00fcndigung ungenau sind (auch nachdem Sie Ihre Bestellung abgeschickt haben).<\/p>\r\n\r\n\r\n\r\n<p>Wir \u00fcbernehmen keine Verpflichtung, Informationen im Service oder auf einer zugeh\u00f6rigen Website zu aktualisieren, zu \u00e4ndern oder klarzustellen, einschlie\u00dflich, aber nicht beschr\u00e4nkt auf Preisinformationen, sofern dies nicht gesetzlich vorgeschrieben ist.<\/p>\r\n\r\n\r\n\r\n<p><strong>ABSCHNITT 9: VERBOTENE VERWENDUNGEN<\/strong><\/p>\r\n\r\n\r\n\r\n<p>Zus\u00e4tzlich zu anderen Verboten, die in den Servicebedingungen festgelegt sind, ist es Ihnen untersagt, die Site oder ihren Inhalt zu verwenden: (a) f\u00fcr rechtswidrige Zwecke; (b) um andere dazu aufzufordern, rechtswidrige Handlungen vorzunehmen oder sich daran zu beteiligen; (c) um gegen internationale, bundesstaatliche, provinzielle oder staatliche Vorschriften, Regeln, Gesetze oder lokale Verordnungen zu versto\u00dfen; (d) um unsere geistigen Eigentumsrechte oder die geistigen Eigentumsrechte anderer zu verletzen oder zu verletzen; (e) um aufgrund von Geschlecht, sexueller Orientierung, Religion, ethnischer Zugeh\u00f6rigkeit, Rasse, Alter, nationaler Herkunft oder Behinderung zu bel\u00e4stigen, zu missbrauchen, zu beleidigen, zu sch\u00e4digen, zu diffamieren, zu verleumden, herabzusetzen, einzusch\u00fcchtern oder zu diskriminieren; (f) um falsche oder irref\u00fchrende Informationen anzugeben; (g) um Viren oder andere Arten von Schadcode hochzuladen oder zu \u00fcbertragen, die in einer Weise verwendet werden oder werden k\u00f6nnen, die die Funktionalit\u00e4t oder den Betrieb des Dienstes oder einer damit verbundenen Website, anderer Websites oder des Internets beeintr\u00e4chtigt; (h) um die pers\u00f6nlichen Daten anderer zu sammeln oder zu verfolgen; (i) zum Spammen, Phishing, Pharmen, Vort\u00e4uschen, Spidern, Crawlen oder Scrapen; (j) f\u00fcr obsz\u00f6ne oder unmoralische Zwecke; oder (k) zum St\u00f6ren oder Umgehen der Sicherheitsfunktionen des Dienstes oder einer damit verbundenen Website, anderer Websites oder des Internets. Wir behalten uns das Recht vor, Ihre Nutzung des Dienstes oder einer damit verbundenen Website bei Verst\u00f6\u00dfen gegen verbotene Nutzungen zu beenden.<\/p>\r\n\r\n\r\n\r\n<p><strong>ABSCHNITT 10: HAFTUNGSAUSSCHLUSS UND HAFTUNGSBESCHR\u00c4NKUNG<\/strong><\/p>\r\n\r\n\r\n\r\n<p>OtakuHub ist ein kreatives Designstudio, das originelle Merchandise-Artikel herstellt. Alle Produkte enthalten Originalgrafiken unseres Designteams und verletzen keine Rechte Dritter. Wir respektieren Urheberrechte uneingeschr\u00e4nkt und kommen berechtigten L\u00f6schungsanfragen von Rechteinhabern nach. Mit dem Kauf unserer Produkte best\u00e4tigen Sie, dass diese ausschlie\u00dflich Originaldesigns enthalten und keine Fan-Art oder Merchandise-Artikel mit urheberrechtlich gesch\u00fctzten Charakteren.<\/p>\r\n\r\n\r\n\r\n<p>Unser Service und alle an Sie gelieferten Produkte werden Ihnen \u201ewie besehen\u201c und \u201ewie verf\u00fcgbar\u201c zur Nutzung bereitgestellt, ohne jegliche Zusicherungen, Garantien oder Bedingungen jeglicher Art, weder ausdr\u00fccklich noch stillschweigend, einschlie\u00dflich aller stillschweigenden Garantien oder Bedingungen hinsichtlich der Marktg\u00e4ngigkeit, handels\u00fcblichen Qualit\u00e4t, Eignung f\u00fcr einen bestimmten Zweck, Haltbarkeit, Eigentumsrecht und Nichtverletzung.<\/p>\r\n\r\n\r\n\r\n<p>In keinem Fall <strong>Otaku-Hub<\/strong>, unsere Direktoren, leitenden Angestellten, Mitarbeiter, verbundenen Unternehmen, Vertreter, Auftragnehmer, Praktikanten, Lieferanten, Dienstleister oder Lizenzgeber haften f\u00fcr Verletzungen, Verluste, Anspr\u00fcche oder direkte, indirekte, zuf\u00e4llige, Straf-, Sonder- oder Folgesch\u00e4den jeglicher Art, einschlie\u00dflich, aber nicht beschr\u00e4nkt auf entgangenen Gewinn, entgangenen Umsatz, entgangene Einsparungen, Datenverlust, Wiederbeschaffungskosten oder \u00e4hnliche Sch\u00e4den, unabh\u00e4ngig davon, ob diese auf Vertrag, unerlaubter Handlung (einschlie\u00dflich Fahrl\u00e4ssigkeit), verschuldensunabh\u00e4ngiger Haftung oder anderweitig beruhen, die sich aus Ihrer Nutzung des Dienstes oder der \u00fcber den Dienst beschafften Produkte ergeben. Da einige Staaten oder Gerichtsbarkeiten den Ausschluss oder die Beschr\u00e4nkung der Haftung f\u00fcr Folge- oder zuf\u00e4llige Sch\u00e4den nicht zulassen, ist unsere Haftung in diesen Staaten oder Gerichtsbarkeiten auf das gesetzlich zul\u00e4ssige H\u00f6chstma\u00df beschr\u00e4nkt.<\/p>\r\n\r\n\r\n\r\n<p><strong>ABSCHNITT 11: SCHADENSERSATZ<\/strong><\/p>\r\n\r\n\r\n\r\n<p>Sie verpflichten sich, zu entsch\u00e4digen, zu verteidigen und schadlos zu halten <strong>Otaku-Hub<\/strong> und unsere Muttergesellschaft, Tochtergesellschaften, verbundenen Unternehmen, Partner, leitenden Angestellten, Direktoren, Vertreter, Auftragnehmer, Lizenzgeber, Dienstleister, Subunternehmer, Lieferanten und Mitarbeiter schadlos zu halten gegen\u00fcber jeglichen Anspr\u00fcchen oder Forderungen, einschlie\u00dflich angemessener Anwaltskosten, die von Dritten aufgrund oder infolge Ihrer Verletzung dieser Servicebedingungen oder der darin durch Verweis einbezogenen Dokumente oder Ihrer Verletzung von Gesetzen oder Rechten Dritter geltend gemacht werden.<\/p>\r\n\r\n\r\n\r\n<p><strong>ABSCHNITT 12: K\u00dcNDIGUNG<\/strong><\/p>\r\n\r\n\r\n\r\n<p>Diese Servicebedingungen gelten, bis sie von Ihnen oder uns gek\u00fcndigt werden. Sie k\u00f6nnen diese Servicebedingungen jederzeit k\u00fcndigen, indem Sie uns mitteilen, dass Sie unsere Dienste nicht mehr nutzen m\u00f6chten, oder indem Sie die Nutzung unserer Website einstellen.<\/p>\r\n\r\n\r\n\r\n<p>Wenn Sie nach unserem alleinigen Ermessen gegen eine Bedingung oder Bestimmung dieser Servicebedingungen versto\u00dfen oder wir den Verdacht haben, dass Sie gegen eine Bedingung oder Bestimmung dieser Servicebedingungen versto\u00dfen haben, k\u00f6nnen wir diese Vereinbarung auch jederzeit ohne Benachrichtigung k\u00fcndigen und Sie bleiben f\u00fcr alle bis einschlie\u00dflich des K\u00fcndigungsdatums f\u00e4lligen Betr\u00e4ge haftbar; und\/oder wir k\u00f6nnen Ihnen dementsprechend den Zugriff auf unsere Dienste (oder Teile davon) verweigern.<\/p>\r\n\r\n\r\n\r\n<p><strong>ABSCHNITT 13: SALVATORISCHE KLAUSEL<\/strong><\/p>\r\n\r\n\r\n\r\n<p>Sollte eine Bestimmung dieser Servicebedingungen als rechtswidrig, ung\u00fcltig oder nicht durchsetzbar befunden werden, so bleibt diese Bestimmung dennoch im gr\u00f6\u00dftm\u00f6glichen, nach geltendem Recht zul\u00e4ssigen Umfang durchsetzbar und der nicht durchsetzbare Teil gilt als von diesen Servicebedingungen abgetrennt. Eine solche Feststellung ber\u00fchrt nicht die G\u00fcltigkeit und Durchsetzbarkeit der \u00fcbrigen Bestimmungen.<\/p>\r\n\r\n\r\n\r\n<p><strong>ABSCHNITT 14: GESAMTE VEREINBARUNG<\/strong><\/p>\r\n\r\n\r\n\r\n<p>Sollten wir ein Recht oder eine Bestimmung dieser Servicebedingungen nicht aus\u00fcben oder durchsetzen, stellt dies keinen Verzicht auf dieses Recht oder diese Bestimmung dar. Diese Servicebedingungen und alle von uns auf dieser Site oder in Bezug auf den Service ver\u00f6ffentlichten Richtlinien oder Betriebsregeln stellen die gesamte Vereinbarung und \u00dcbereinkunft zwischen Ihnen und uns dar und regeln Ihre Nutzung des Service. Sie ersetzen alle vorherigen oder gleichzeitigen Vereinbarungen, Mitteilungen und Vorschl\u00e4ge, ob m\u00fcndlich oder schriftlich, zwischen Ihnen und uns (einschlie\u00dflich, aber nicht beschr\u00e4nkt auf alle vorherigen Versionen der Servicebedingungen).<\/p>\r\n\r\n\r\n\r\n<p><strong>ABSCHNITT 15: GELTENDES RECHT<\/strong><\/p>\r\n\r\n\r\n\r\n<p>Diese Servicebedingungen und alle separaten Vereinbarungen, durch die wir Ihnen Dienste bereitstellen, unterliegen den Gesetzen von <strong>Griechenland<\/strong>.<\/p>\r\n\r\n\r\n\r\n<p><strong>ABSCHNITT 16: INTERNATIONALE BESTELLUNGEN<\/strong><\/p>\r\n\r\n\r\n\r\n<p>Bei internationalen Bestellungen k\u00f6nnen zus\u00e4tzliche Kosten anfallen.<\/p>\r\n\r\n\r\n\r\n<ul class=\"wp-block-list\">\r\n<li><strong>Zoll, Abgaben und Steuern:<\/strong> F\u00fcr Bestellungen, die ins Ausland versandt werden, k\u00f6nnen Einfuhrz\u00f6lle, Steuern und Zollgeb\u00fchren anfallen, die vom Zielland erhoben werden. <strong>Diese Geb\u00fchren liegen ausschlie\u00dflich in der Verantwortung des Kunden<\/strong> und sind nicht im Produktpreis oder den Versandkosten enthalten. Wir haben keine Kontrolle \u00fcber diese Geb\u00fchren und k\u00f6nnen nicht vorhersagen, wie hoch sie sein werden.<\/li>\r\n<\/ul>\r\n\r\n\r\n\r\n<p><strong>ABSCHNITT 17: \u00c4NDERUNGEN DES DIENSTES UND DER PREISE<\/strong><\/p>\r\n\r\n\r\n\r\n<p>Die Preise unserer Produkte k\u00f6nnen ohne vorherige Ank\u00fcndigung ge\u00e4ndert werden. Wir behalten uns das Recht vor, den Service (oder Teile oder Inhalte davon) jederzeit ohne vorherige Ank\u00fcndigung zu \u00e4ndern oder einzustellen. Wir haften weder Ihnen noch Dritten gegen\u00fcber f\u00fcr \u00c4nderungen, Preis\u00e4nderungen, Aussetzungen oder die Einstellung des Service.<\/p>\r\n\r\n\r\n\r\n<p><strong>ABSCHNITT 18: \u00c4NDERUNGEN DER DIENSTLEISTUNGSBEDINGUNGEN<\/strong><\/p>\r\n\r\n\r\n\r\n<p>Sie k\u00f6nnen die aktuelle Version der Nutzungsbedingungen jederzeit auf dieser Seite einsehen. Wir behalten uns das Recht vor, nach eigenem Ermessen Teile dieser Nutzungsbedingungen zu aktualisieren, zu \u00e4ndern oder zu ersetzen, indem wir Aktualisierungen und \u00c4nderungen auf unserer Website ver\u00f6ffentlichen. Es liegt in Ihrer Verantwortung, unsere Website regelm\u00e4\u00dfig auf \u00c4nderungen zu \u00fcberpr\u00fcfen. Ihre fortgesetzte Nutzung oder Ihr Zugriff auf unsere Website oder den Dienst nach der Ver\u00f6ffentlichung von \u00c4nderungen dieser Nutzungsbedingungen gilt als Zustimmung zu diesen \u00c4nderungen.<\/p>\r\n\r\n\r\n\r\n<p><strong>ABSCHNITT 19: KONTAKTINFORMATIONEN<\/strong><\/p>\r\n\r\n\r\n\r\n<p>Fragen zu diesen Servicebedingungen richten Sie bitte an unsere <a href=\"https:\/\/otakuhub.eu\/de\/contact\/\" data-type=\"page\" data-id=\"2306\">Kontaktseite<\/a><\/p>\r\n\r\n\r\n\r\n<p>&nbsp;<\/p>","protected":false},"excerpt":{"rendered":"<p>Otaku Hub: Terms of Service Effective Date: 2 of September 2025 SECTION 1: OVERVIEW This website is operated by Otaku Hub. We create and sell original apparel, home goods, and merchandise featuring original designs. Products are printed on-demand by Printful after you place your order. Throughout the site, the terms \u201cwe,\u201d \u201cus,\u201d and \u201cour\u201d refer [&hellip;]<\/p>\n","protected":false},"author":1,"featured_media":0,"parent":0,"menu_order":0,"comment_status":"closed","ping_status":"closed","template":"","meta":{"site-sidebar-layout":"default","site-content-layout":"","ast-site-content-layout":"default","site-content-style":"default","site-sidebar-style":"default","ast-global-header-display":"","ast-banner-title-visibility":"","ast-main-header-display":"","ast-hfb-above-header-display":"","ast-hfb-below-header-display":"","ast-hfb-mobile-header-display":"","site-post-title":"","ast-breadcrumbs-content":"","ast-featured-img":"","footer-sml-layout":"","ast-disable-related-posts":"","theme-transparent-header-meta":"default","adv-header-id-meta":"","stick-header-meta":"","header-above-stick-meta":"","header-main-stick-meta":"","header-below-stick-meta":"","astra-migrate-meta-layouts":"set","ast-page-background-enabled":"default","ast-page-background-meta":{"desktop":{"background-color":"","background-image":"","background-repeat":"repeat","background-position":"center center","background-size":"auto","background-attachment":"scroll","background-type":"","background-media":"","overlay-type":"","overlay-color":"","overlay-opacity":"","overlay-gradient":""},"tablet":{"background-color":"","background-image":"","background-repeat":"repeat","background-position":"center center","background-size":"auto","background-attachment":"scroll","background-type":"","background-media":"","overlay-type":"","overlay-color":"","overlay-opacity":"","overlay-gradient":""},"mobile":{"background-color":"","background-image":"","background-repeat":"repeat","background-position":"center center","background-size":"auto","background-attachment":"scroll","background-type":"","background-media":"","overlay-type":"","overlay-color":"","overlay-opacity":"","overlay-gradient":""}},"ast-content-background-meta":{"desktop":{"background-color":"var(--ast-global-color-5)","background-image":"","background-repeat":"repeat","background-position":"center center","background-size":"auto","background-attachment":"scroll","background-type":"","background-media":"","overlay-type":"","overlay-color":"","overlay-opacity":"","overlay-gradient":""},"tablet":{"background-color":"var(--ast-global-color-5)","background-image":"","background-repeat":"repeat","background-position":"center center","background-size":"auto","background-attachment":"scroll","background-type":"","background-media":"","overlay-type":"","overlay-color":"","overlay-opacity":"","overlay-gradient":""},"mobile":{"background-color":"var(--ast-global-color-5)","background-image":"","background-repeat":"repeat","background-position":"center center","background-size":"auto","background-attachment":"scroll","background-type":"","background-media":"","overlay-type":"","overlay-color":"","overlay-opacity":"","overlay-gradient":""}},"footnotes":""},"class_list":["post-3291","page","type-page","status-publish","hentry"],"_links":{"self":[{"href":"https:\/\/otakuhub.eu\/de\/wp-json\/wp\/v2\/pages\/3291","targetHints":{"allow":["GET"]}}],"collection":[{"href":"https:\/\/otakuhub.eu\/de\/wp-json\/wp\/v2\/pages"}],"about":[{"href":"https:\/\/otakuhub.eu\/de\/wp-json\/wp\/v2\/types\/page"}],"author":[{"embeddable":true,"href":"https:\/\/otakuhub.eu\/de\/wp-json\/wp\/v2\/users\/1"}],"replies":[{"embeddable":true,"href":"https:\/\/otakuhub.eu\/de\/wp-json\/wp\/v2\/comments?post=3291"}],"version-history":[{"count":0,"href":"https:\/\/otakuhub.eu\/de\/wp-json\/wp\/v2\/pages\/3291\/revisions"}],"wp:attachment":[{"href":"https:\/\/otakuhub.eu\/de\/wp-json\/wp\/v2\/media?parent=3291"}],"curies":[{"name":"wp","href":"https:\/\/api.w.org\/{rel}","templated":true}]}}